{"id":649,"date":"2024-09-12T09:35:24","date_gmt":"2024-09-12T13:35:24","guid":{"rendered":"https:\/\/physiostepbystep.ca\/?page_id=649"},"modified":"2024-09-12T09:39:49","modified_gmt":"2024-09-12T13:39:49","slug":"dietetiste-et-nutritionniste-pour-enfants","status":"publish","type":"page","link":"https:\/\/physiostepbystep.ca\/fr\/services\/dietetiste-et-nutritionniste-pour-enfants\/","title":{"rendered":"Di\u00e9t\u00e9tiste et nutritionniste pour enfants"},"content":{"rendered":"\t\t<div data-elementor-type=\"wp-post\" data-elementor-id=\"649\" class=\"elementor elementor-649\">\n\t\t\t\t\t\t<section class=\"elementor-section elementor-top-section elementor-element elementor-element-593dded elementor-section-height-min-height elementor-section-boxed elementor-section-height-default elementor-section-items-middle\" data-id=\"593dded\" data-element_type=\"section\" data-settings=\"{&quot;jet_parallax_layout_list&quot;:[{&quot;jet_parallax_layout_image&quot;:{&quot;url&quot;:&quot;&quot;,&quot;id&quot;:&quot;&quot;,&quot;size&quot;:&quot;&quot;},&quot;_id&quot;:&quot;553bac8&quot;,&quot;jet_parallax_layout_speed&quot;:{&quot;unit&quot;:&quot;%&quot;,&quot;size&quot;:50,&quot;sizes&quot;:[]},&quot;jet_parallax_layout_image_tablet&quot;:{&quot;url&quot;:&quot;&quot;,&quot;id&quot;:&quot;&quot;,&quot;size&quot;:&quot;&quot;},&quot;jet_parallax_layout_image_mobile&quot;:{&quot;url&quot;:&quot;&quot;,&quot;id&quot;:&quot;&quot;,&quot;size&quot;:&quot;&quot;},&quot;jet_parallax_layout_type&quot;:&quot;scroll&quot;,&quot;jet_parallax_layout_direction&quot;:null,&quot;jet_parallax_layout_fx_direction&quot;:null,&quot;jet_parallax_layout_z_index&quot;:&quot;&quot;,&quot;jet_parallax_layout_bg_x&quot;:50,&quot;jet_parallax_layout_bg_x_tablet&quot;:&quot;&quot;,&quot;jet_parallax_layout_bg_x_mobile&quot;:&quot;&quot;,&quot;jet_parallax_layout_bg_y&quot;:50,&quot;jet_parallax_layout_bg_y_tablet&quot;:&quot;&quot;,&quot;jet_parallax_layout_bg_y_mobile&quot;:&quot;&quot;,&quot;jet_parallax_layout_bg_size&quot;:&quot;auto&quot;,&quot;jet_parallax_layout_bg_size_tablet&quot;:&quot;&quot;,&quot;jet_parallax_layout_bg_size_mobile&quot;:&quot;&quot;,&quot;jet_parallax_layout_animation_prop&quot;:&quot;transform&quot;,&quot;jet_parallax_layout_on&quot;:[&quot;desktop&quot;,&quot;tablet&quot;]}],&quot;background_background&quot;:&quot;classic&quot;,&quot;shape_divider_bottom&quot;:&quot;zigzag&quot;}\">\n\t\t\t\t\t<div class=\"elementor-shape elementor-shape-bottom\" data-negative=\"false\">\n\t\t\t<svg xmlns=\"http:\/\/www.w3.org\/2000\/svg\" viewBox=\"0 0 1800 5.8\" preserveAspectRatio=\"none\">\n  <path class=\"elementor-shape-fill\" d=\"M5.4.4l5.4 5.3L16.5.4l5.4 5.3L27.5.4 33 5.7 38.6.4l5.5 5.4h.1L49.9.4l5.4 5.3L60.9.4l5.5 5.3L72 .4l5.5 5.3L83.1.4l5.4 5.3L94.1.4l5.5 5.4h.2l5.6-5.4 5.5 5.3 5.6-5.3 5.4 5.3 5.6-5.3 5.5 5.3 5.6-5.3 5.5 5.4h.2l5.6-5.4 5.4 5.3L161 .4l5.4 5.3L172 .4l5.5 5.3 5.6-5.3 5.4 5.3 5.7-5.3 5.4 5.4h.2l5.6-5.4 5.5 5.3 5.6-5.3 5.5 5.3 5.6-5.3 5.4 5.3 5.6-5.3 5.5 5.4h.2l5.6-5.4 5.5 5.3L261 .4l5.4 5.3L272 .4l5.5 5.3 5.6-5.3 5.5 5.3 5.6-5.3 5.5 5.4h.1l5.7-5.4 5.4 5.3 5.6-5.3 5.5 5.3 5.6-5.3 5.4 5.3 5.7-5.3 5.4 5.4h.2l5.6-5.4 5.5 5.3L361 .4l5.5 5.3 5.6-5.3 5.4 5.3 5.6-5.3 5.5 5.3 5.6-5.3 5.5 5.4h.1l5.7-5.4 5.4 5.3 5.6-5.3 5.5 5.3 5.6-5.3 5.5 5.3 5.6-5.3 5.5 5.4h.1l5.6-5.4 5.5 5.3L461 .4l5.5 5.3 5.6-5.3 5.4 5.3 5.7-5.3 5.4 5.3 5.6-5.3 5.5 5.4h.2l5.6-5.4 5.5 5.3 5.6-5.3 5.4 5.3 5.6-5.3 5.5 5.3 5.6-5.3 5.5 5.4h.1L550 .4l5.4 5.3L561 .4l5.5 5.3 5.6-5.3 5.5 5.3 5.6-5.3 5.4 5.3 5.6-5.3 5.5 5.4h.2l5.6-5.4 5.5 5.3 5.6-5.3 5.4 5.3 5.7-5.3 5.4 5.3 5.6-5.3 5.5 5.4h.2L650 .4l5.5 5.3 5.6-5.3 5.4 5.3 5.6-5.3 5.5 5.3 5.6-5.3 5.5 5.3 5.6-5.3 5.4 5.4h.2l5.6-5.4 5.5 5.3 5.6-5.3 5.5 5.3 5.6-5.3 5.4 5.3 5.6-5.3 5.5 5.4h.2L750 .4l5.5 5.3 5.6-5.3 5.4 5.3 5.7-5.3 5.4 5.3 5.6-5.3 5.5 5.3 5.6-5.3 5.5 5.4h.1l5.7-5.4 5.4 5.3 5.6-5.3 5.5 5.3 5.6-5.3 5.5 5.3 5.6-5.3 5.4 5.4h.2L850 .4l5.5 5.3 5.6-5.3 5.5 5.3 5.6-5.3 5.4 5.3 5.6-5.3 5.5 5.3 5.6-5.3 5.5 5.4h.2l5.6-5.4 5.4 5.3 5.7-5.3 5.4 5.3 5.6-5.3 5.5 5.3 5.6-5.3 5.5 5.4h.1l5.7-5.4 5.4 5.3 5.6-5.3 5.5 5.3 5.6-5.3 5.5 5.3 5.6-5.3 5.4 5.3 5.6-5.3 5.5 5.4h.2l5.6-5.4 5.5 5.3 5.6-5.3 5.4 5.3 5.6-5.3 5.5 5.3 5.6-5.3 5.5 5.4h.2l5.6-5.4 5.4 5.3 5.7-5.3 5.4 5.3 5.6-5.3 5.5 5.3 5.6-5.3 5.5 5.3 5.6-5.3 5.4 5.4h.2l5.6-5.4 5.5 5.3 5.6-5.3 5.5 5.3 5.6-5.3 5.4 5.3 5.6-5.3 5.5 5.4h.2l5.6-5.4 5.5 5.3 5.6-5.3 5.4 5.3 5.6-5.3 5.5 5.3 5.6-5.3 5.5 5.3 5.6-5.3 5.5 5.4h.1l5.7-5.4 5.4 5.3 5.6-5.3 5.5 5.3 5.6-5.3 5.5 5.3 5.6-5.3 5.4 5.4h.2l5.6-5.4 5.5 5.3 5.6-5.3 5.5 5.3 5.6-5.3 5.4 5.3 5.6-5.3 5.5 5.3 5.6-5.3 5.5 5.4h.2l5.6-5.4 5.4 5.3 5.6-5.3 5.5 5.3 5.6-5.3 5.5 5.3 5.6-5.3 5.5 5.4h.1l5.7-5.4 5.4 5.3 5.6-5.3 5.5 5.3 5.6-5.3 5.5 5.3 5.6-5.3 5.4 5.3 5.6-5.3 5.5 5.4h.2l5.6-5.4 5.5 5.3 5.6-5.3 5.4 5.3 5.6-5.3 5.5 5.3 5.6-5.3 5.5 5.4h.2l5.6-5.4 5.4 5.3 5.6-5.3 5.5 5.3 5.6-5.3 5.5 5.3 5.6-5.3 5.4 5.3 5.7-5.3 5.4 5.4h.2l5.6-5.4 5.5 5.3 5.6-5.3 5.5 5.3 5.6-5.3 5.4 5.3 5.6-5.3 5.5 5.4h.2l5.6-5.4 5.5 5.3 5.6-5.3 5.4 5.3 5.6-5.3 5.5 5.3 5.6-5.3 5.5 5.3 5.6-5.3 5.5 5.4h.1l5.6-5.4 5.5 5.3 5.6-5.3 5.5 5.3 5.6-5.3 5.4 5.3 5.7-5.3 5.4 5.4h.2l5.6-5.4 5.5 5.3 5.6-5.3 5.5 5.3 5.6-5.3 5.4 5.3 5.6-5.3 5.5 5.3 5.6-5.3 5.5 5.4h.1l5.7-5.4 5.4 5.3 5.6-5.3 5.5 5.3 5.6-5.3 5.5 5.3 5.6-5.3 5.5 5.4h.1l5.6-5.4 5.5 5.3 5.6-5.3 5.5 5.3 5.6-5.3 5.4 5.3 5.7-5.3 5.4 5.3 5.6-5.3 5.5 5.4V0H-.2v5.8z\"\/>\n<\/svg>\n\t\t<\/div>\n\t\t\t\t\t<div class=\"elementor-container elementor-column-gap-default\">\n\t\t\t\t\t<div class=\"elementor-column elementor-col-100 elementor-top-column elementor-element elementor-element-651a9d8\" data-id=\"651a9d8\" data-element_type=\"column\">\n\t\t\t<div class=\"elementor-widget-wrap elementor-element-populated\">\n\t\t\t\t\t\t<div class=\"elementor-element elementor-element-9f59b34 elementor-widget elementor-widget-spacer\" data-id=\"9f59b34\" data-element_type=\"widget\" data-widget_type=\"spacer.default\">\n\t\t\t\t<div class=\"elementor-widget-container\">\n\t\t\t\t\t\t\t<div class=\"elementor-spacer\">\n\t\t\t<div class=\"elementor-spacer-inner\"><\/div>\n\t\t<\/div>\n\t\t\t\t\t\t<\/div>\n\t\t\t\t<\/div>\n\t\t\t\t\t<\/div>\n\t\t<\/div>\n\t\t\t\t\t<\/div>\n\t\t<\/section>\n\t\t\t\t<section class=\"elementor-section elementor-top-section elementor-element elementor-element-b1217fd elementor-section-boxed elementor-section-height-default elementor-section-height-default\" data-id=\"b1217fd\" data-element_type=\"section\" id=\"learn-more\" data-settings=\"{&quot;jet_parallax_layout_list&quot;:[{&quot;jet_parallax_layout_image&quot;:{&quot;url&quot;:&quot;&quot;,&quot;id&quot;:&quot;&quot;,&quot;size&quot;:&quot;&quot;},&quot;_id&quot;:&quot;4cad20e&quot;,&quot;jet_parallax_layout_speed&quot;:{&quot;unit&quot;:&quot;%&quot;,&quot;size&quot;:50,&quot;sizes&quot;:[]},&quot;jet_parallax_layout_image_tablet&quot;:{&quot;url&quot;:&quot;&quot;,&quot;id&quot;:&quot;&quot;,&quot;size&quot;:&quot;&quot;},&quot;jet_parallax_layout_image_mobile&quot;:{&quot;url&quot;:&quot;&quot;,&quot;id&quot;:&quot;&quot;,&quot;size&quot;:&quot;&quot;},&quot;jet_parallax_layout_type&quot;:&quot;scroll&quot;,&quot;jet_parallax_layout_direction&quot;:null,&quot;jet_parallax_layout_fx_direction&quot;:null,&quot;jet_parallax_layout_z_index&quot;:&quot;&quot;,&quot;jet_parallax_layout_bg_x&quot;:50,&quot;jet_parallax_layout_bg_x_tablet&quot;:&quot;&quot;,&quot;jet_parallax_layout_bg_x_mobile&quot;:&quot;&quot;,&quot;jet_parallax_layout_bg_y&quot;:50,&quot;jet_parallax_layout_bg_y_tablet&quot;:&quot;&quot;,&quot;jet_parallax_layout_bg_y_mobile&quot;:&quot;&quot;,&quot;jet_parallax_layout_bg_size&quot;:&quot;auto&quot;,&quot;jet_parallax_layout_bg_size_tablet&quot;:&quot;&quot;,&quot;jet_parallax_layout_bg_size_mobile&quot;:&quot;&quot;,&quot;jet_parallax_layout_animation_prop&quot;:&quot;transform&quot;,&quot;jet_parallax_layout_on&quot;:[&quot;desktop&quot;,&quot;tablet&quot;]}]}\">\n\t\t\t\t\t\t<div class=\"elementor-container elementor-column-gap-default\">\n\t\t\t\t\t<div class=\"elementor-column elementor-col-100 elementor-top-column elementor-element elementor-element-fea7e96\" data-id=\"fea7e96\" data-element_type=\"column\">\n\t\t\t<div class=\"elementor-widget-wrap elementor-element-populated\">\n\t\t\t\t\t\t<div class=\"elementor-element elementor-element-6f4bc9e elementor-widget elementor-widget-spacer\" data-id=\"6f4bc9e\" data-element_type=\"widget\" data-widget_type=\"spacer.default\">\n\t\t\t\t<div class=\"elementor-widget-container\">\n\t\t\t\t\t\t\t<div class=\"elementor-spacer\">\n\t\t\t<div class=\"elementor-spacer-inner\"><\/div>\n\t\t<\/div>\n\t\t\t\t\t\t<\/div>\n\t\t\t\t<\/div>\n\t\t\t\t<div class=\"elementor-element elementor-element-bbf11e7 elementor-widget elementor-widget-heading\" data-id=\"bbf11e7\" data-element_type=\"widget\" data-widget_type=\"heading.default\">\n\t\t\t\t<div class=\"elementor-widget-container\">\n\t\t\t\t\t<h2 class=\"elementor-heading-title elementor-size-default\">Di\u00e9t\u00e9tiste et nutritionniste pour enfants<\/h2>\t\t\t\t<\/div>\n\t\t\t\t<\/div>\n\t\t\t\t<div class=\"elementor-element elementor-element-e6510cf elementor-widget-divider--view-line elementor-widget elementor-widget-divider\" data-id=\"e6510cf\" data-element_type=\"widget\" data-widget_type=\"divider.default\">\n\t\t\t\t<div class=\"elementor-widget-container\">\n\t\t\t\t\t\t\t<div class=\"elementor-divider\">\n\t\t\t<span class=\"elementor-divider-separator\">\n\t\t\t\t\t\t<\/span>\n\t\t<\/div>\n\t\t\t\t\t\t<\/div>\n\t\t\t\t<\/div>\n\t\t\t\t<div class=\"elementor-element elementor-element-e466681 elementor-widget elementor-widget-text-editor\" data-id=\"e466681\" data-element_type=\"widget\" data-widget_type=\"text-editor.default\">\n\t\t\t\t<div class=\"elementor-widget-container\">\n\t\t\t\t\t\t\t\t\t<p>Les nutritionnistes p\u00e9diatriques verront des patients ayant divers probl\u00e8mes d\u2019alimentation, des nourrissons aux tout-petits et au-del\u00e0. Les probl\u00e8mes d\u2019alimentation peuvent inclure :<\/p>\t\t\t\t\t\t\t\t<\/div>\n\t\t\t\t<\/div>\n\t\t\t\t<div class=\"elementor-element elementor-element-e1232a3 elementor-widget elementor-widget-text-editor\" data-id=\"e1232a3\" data-element_type=\"widget\" data-widget_type=\"text-editor.default\">\n\t\t\t\t<div class=\"elementor-widget-container\">\n\t\t\t\t\t\t\t\t\t<ul><li>Intol\u00e9rance aux prot\u00e9ines du lait de vache chez les nourrissons<\/li><li>Les meilleures pratiques d\u2019introduction d\u2019aliments solides<\/li><li>Comment naviguer dans l\u2019alimentation s\u00e9lective chez les b\u00e9b\u00e9s et les tout-petits<\/li><li>Directives g\u00e9n\u00e9rales en mati\u00e8re d\u2019alimentation saine<\/li><li>Troubles gastro-intestinaux (constipation, diarrh\u00e9e, reflux, etc.)<\/li><li>Probl\u00e8mes li\u00e9s au poids<\/li><li>Besoins alimentaires sp\u00e9cifiques (v\u00e9g\u00e9tarisme, pr\u00e9f\u00e9rences culturelles, etc.)<\/li><li>Soutien aux adolescents qui pr\u00e9sentent des troubles de l\u2019alimentation<\/li><li>Aider les adolescents \u00e0 d\u00e9velopper des comp\u00e9tences alimentaires (p. ex., lecture d\u2019\u00e9tiquettes, recettes, pr\u00e9paration de repas, etc.)<\/li><li>Nutrition g\u00e9n\u00e9rale des adolescents<\/li><li>Pr\u00e9parer des lunchs sains<\/li><li>\u00c9couter les signaux corporels de faim et de sati\u00e9t\u00e9<\/li><li>\u00c9tablir des relations avec la nourriture<\/li><li>Impact de l\u2019alimentation sur l\u2019humeur et la sant\u00e9 mentale<\/li><\/ul>\t\t\t\t\t\t\t\t<\/div>\n\t\t\t\t<\/div>\n\t\t\t\t\t<\/div>\n\t\t<\/div>\n\t\t\t\t\t<\/div>\n\t\t<\/section>\n\t\t\t\t<section class=\"elementor-section elementor-top-section elementor-element elementor-element-aac47ab elementor-section-boxed elementor-section-height-default elementor-section-height-default\" data-id=\"aac47ab\" data-element_type=\"section\" data-settings=\"{&quot;jet_parallax_layout_list&quot;:[{&quot;jet_parallax_layout_image&quot;:{&quot;url&quot;:&quot;&quot;,&quot;id&quot;:&quot;&quot;,&quot;size&quot;:&quot;&quot;},&quot;_id&quot;:&quot;6e4463c&quot;,&quot;jet_parallax_layout_image_tablet&quot;:{&quot;url&quot;:&quot;&quot;,&quot;id&quot;:&quot;&quot;,&quot;size&quot;:&quot;&quot;},&quot;jet_parallax_layout_image_mobile&quot;:{&quot;url&quot;:&quot;&quot;,&quot;id&quot;:&quot;&quot;,&quot;size&quot;:&quot;&quot;},&quot;jet_parallax_layout_speed&quot;:{&quot;unit&quot;:&quot;%&quot;,&quot;size&quot;:50,&quot;sizes&quot;:[]},&quot;jet_parallax_layout_type&quot;:&quot;scroll&quot;,&quot;jet_parallax_layout_direction&quot;:null,&quot;jet_parallax_layout_fx_direction&quot;:null,&quot;jet_parallax_layout_z_index&quot;:&quot;&quot;,&quot;jet_parallax_layout_bg_x&quot;:50,&quot;jet_parallax_layout_bg_x_tablet&quot;:&quot;&quot;,&quot;jet_parallax_layout_bg_x_mobile&quot;:&quot;&quot;,&quot;jet_parallax_layout_bg_y&quot;:50,&quot;jet_parallax_layout_bg_y_tablet&quot;:&quot;&quot;,&quot;jet_parallax_layout_bg_y_mobile&quot;:&quot;&quot;,&quot;jet_parallax_layout_bg_size&quot;:&quot;auto&quot;,&quot;jet_parallax_layout_bg_size_tablet&quot;:&quot;&quot;,&quot;jet_parallax_layout_bg_size_mobile&quot;:&quot;&quot;,&quot;jet_parallax_layout_animation_prop&quot;:&quot;transform&quot;,&quot;jet_parallax_layout_on&quot;:[&quot;desktop&quot;,&quot;tablet&quot;]}]}\">\n\t\t\t\t\t\t<div class=\"elementor-container elementor-column-gap-default\">\n\t\t\t\t\t<div class=\"elementor-column elementor-col-100 elementor-top-column elementor-element elementor-element-24b6908\" data-id=\"24b6908\" data-element_type=\"column\">\n\t\t\t<div class=\"elementor-widget-wrap elementor-element-populated\">\n\t\t\t\t\t\t<div class=\"elementor-element elementor-element-462f8f5 elementor-align-center elementor-widget elementor-widget-raven-button\" data-id=\"462f8f5\" data-element_type=\"widget\" data-settings=\"{&quot;turn_to_popup_action_button&quot;:&quot;no&quot;}\" data-widget_type=\"raven-button.default\">\n\t\t\t\t<div class=\"elementor-widget-container\">\n\t\t\t\t\t\t\t<div class=\"raven-widget-wrapper\">\n\t\t\t<a class=\"raven-button raven-button-widget-normal-effect-none  raven-button-text-align-center raven-button-link elementor-animation-none\" href=\"https:\/\/physiostepbystep.ca\/fr\/contact\/\">\t\t\t\t<div class=\"raven-button-overlay\" ><\/div>\n\t\t\t\t<span class=\"raven-button-content\">\n\t\t\t\t\t\n\t\t\t\t\t<div class=\"button-text-container\">\n\t\t\t\t\t\t\t\t\t\t\t\t<div class=\"raven-button-texts-wrapper\">\n\t\t\t\t\t\t\t<div class=\"button-text\">\n\t\t\t\t\t\t\t\t<span class=\"raven-button-text\">\n\t\t\t\t\t\t\t\t\tReservez Maintenant\t\t\t\t\t\t\t\t<\/span>\n\t\t\t\t\t\t\t<\/div>\n\t\t\t\t\t\t\t\t\t\t\t\t\t<\/div>\n\t\t\t\t\t\t\t\t\t\t\t<\/div>\n\t\t\t\t\t\n\t\t\t\t\t\t\t\t\t<\/span>\n\t\t\t<\/a>\t\t<\/div>\n\t\t\t\t\t\t<\/div>\n\t\t\t\t<\/div>\n\t\t\t\t<div class=\"elementor-element elementor-element-2b0956f elementor-widget elementor-widget-spacer\" data-id=\"2b0956f\" data-element_type=\"widget\" data-widget_type=\"spacer.default\">\n\t\t\t\t<div class=\"elementor-widget-container\">\n\t\t\t\t\t\t\t<div class=\"elementor-spacer\">\n\t\t\t<div class=\"elementor-spacer-inner\"><\/div>\n\t\t<\/div>\n\t\t\t\t\t\t<\/div>\n\t\t\t\t<\/div>\n\t\t\t\t\t<\/div>\n\t\t<\/div>\n\t\t\t\t\t<\/div>\n\t\t<\/section>\n\t\t\t\t<\/div>\n\t\t","protected":false},"excerpt":{"rendered":"<p>Les nutritionnistes p\u00e9diatriques verront des patients ayant divers probl\u00e8mes d\u2019alimentation, des nourrissons aux tout-petits et au-del\u00e0. Les probl\u00e8mes d\u2019alimentation peuvent inclure : Intol\u00e9rance aux prot\u00e9ines du lait de vache chez les nourrissons Les meilleures pratiques d\u2019introduction d\u2019aliments solides Comment naviguer dans l\u2019alimentation s\u00e9lective chez les b\u00e9b\u00e9s et les tout-petits Directives g\u00e9n\u00e9rales en mati\u00e8re d\u2019alimentation saine [&hellip;]<\/p>\n","protected":false},"author":1,"featured_media":0,"parent":380,"menu_order":0,"comment_status":"closed","ping_status":"closed","template":"elementor_header_footer","meta":{"_acf_changed":false,"footnotes":""},"class_list":["post-649","page","type-page","status-publish","hentry"],"acf":[],"yoast_head":"<!-- This site is optimized with the Yoast SEO plugin v24.8.1 - https:\/\/yoast.com\/wordpress\/plugins\/seo\/ -->\n<title>Di\u00e9t\u00e9tiste et nutritionniste pour enfants - Physiotherapy Step by Step<\/title>\n<meta name=\"description\" content=\"Intol\u00e9rance aux prot\u00e9ines du lait de vache chez les nourrissons, Les meilleures pratiques d\u2019introduction d\u2019aliments solides, Comment naviguer dans l\u2019alimentation s\u00e9lective chez les b\u00e9b\u00e9s et les tout-petits, Directives g\u00e9n\u00e9rales en mati\u00e8re d\u2019alimentation saine\" \/>\n<meta name=\"robots\" content=\"index, follow, max-snippet:-1, max-image-preview:large, max-video-preview:-1\" \/>\n<link rel=\"canonical\" href=\"https:\/\/physiostepbystep.ca\/fr\/services\/dietetiste-et-nutritionniste-pour-enfants\/\" \/>\n<meta property=\"og:locale\" content=\"fr_FR\" \/>\n<meta property=\"og:type\" content=\"article\" \/>\n<meta property=\"og:title\" content=\"Physiotherapy Step by Step\" \/>\n<meta property=\"og:description\" content=\"Occupational therapy (OT) is a branch of health care that helps people of all ages who have physical, sensory, or cognitive problems. OT can help them regain independence in all areas of their lives.\" \/>\n<meta property=\"og:url\" content=\"https:\/\/physiostepbystep.ca\/fr\/services\/dietetiste-et-nutritionniste-pour-enfants\/\" \/>\n<meta property=\"og:site_name\" content=\"Physiotherapy Step by Step\" \/>\n<meta property=\"article:publisher\" content=\"https:\/\/www.facebook.com\/Physio-Step-by-Step-101295061462969\" \/>\n<meta property=\"article:modified_time\" content=\"2024-09-12T13:39:49+00:00\" \/>\n<meta property=\"og:image\" content=\"https:\/\/physiostepbystep.ca\/wp-content\/uploads\/2020\/03\/facebook-thumbnail.jpg\" \/>\n\t<meta property=\"og:image:width\" content=\"1200\" \/>\n\t<meta property=\"og:image:height\" content=\"692\" \/>\n\t<meta property=\"og:image:type\" content=\"image\/jpeg\" \/>\n<meta name=\"twitter:card\" content=\"summary_large_image\" \/>\n<meta name=\"twitter:title\" content=\"Physiotherapy Step by Step\" \/>\n<meta name=\"twitter:description\" content=\"Occupational therapy (OT) is a branch of health care that helps people of all ages who have physical, sensory, or cognitive problems. OT can help them regain independence in all areas of their lives.\" \/>\n<meta name=\"twitter:image\" content=\"https:\/\/physiostepbystep.ca\/wp-content\/uploads\/2020\/03\/facebook-thumbnail.jpg\" \/>\n<meta name=\"twitter:label1\" content=\"Dur\u00e9e de lecture estim\u00e9e\" \/>\n\t<meta name=\"twitter:data1\" content=\"1 minute\" \/>\n<script type=\"application\/ld+json\" class=\"yoast-schema-graph\">{\"@context\":\"https:\/\/schema.org\",\"@graph\":[{\"@type\":\"WebPage\",\"@id\":\"https:\/\/physiostepbystep.ca\/fr\/services\/dietetiste-et-nutritionniste-pour-enfants\/\",\"url\":\"https:\/\/physiostepbystep.ca\/fr\/services\/dietetiste-et-nutritionniste-pour-enfants\/\",\"name\":\"Di\u00e9t\u00e9tiste et nutritionniste pour enfants - Physiotherapy Step by Step\",\"isPartOf\":{\"@id\":\"https:\/\/physiostepbystep.ca\/#website\"},\"datePublished\":\"2024-09-12T13:35:24+00:00\",\"dateModified\":\"2024-09-12T13:39:49+00:00\",\"description\":\"Intol\u00e9rance aux prot\u00e9ines du lait de vache chez les nourrissons, Les meilleures pratiques d\u2019introduction d\u2019aliments solides, Comment naviguer dans l\u2019alimentation s\u00e9lective chez les b\u00e9b\u00e9s et les tout-petits, Directives g\u00e9n\u00e9rales en mati\u00e8re d\u2019alimentation saine\",\"breadcrumb\":{\"@id\":\"https:\/\/physiostepbystep.ca\/fr\/services\/dietetiste-et-nutritionniste-pour-enfants\/#breadcrumb\"},\"inLanguage\":\"fr-FR\",\"potentialAction\":[{\"@type\":\"ReadAction\",\"target\":[\"https:\/\/physiostepbystep.ca\/fr\/services\/dietetiste-et-nutritionniste-pour-enfants\/\"]}]},{\"@type\":\"BreadcrumbList\",\"@id\":\"https:\/\/physiostepbystep.ca\/fr\/services\/dietetiste-et-nutritionniste-pour-enfants\/#breadcrumb\",\"itemListElement\":[{\"@type\":\"ListItem\",\"position\":1,\"name\":\"Home\",\"item\":\"https:\/\/physiostepbystep.ca\/fr\/\"},{\"@type\":\"ListItem\",\"position\":2,\"name\":\"Services\",\"item\":\"https:\/\/physiostepbystep.ca\/fr\/services\/\"},{\"@type\":\"ListItem\",\"position\":3,\"name\":\"Di\u00e9t\u00e9tiste et nutritionniste pour enfants\"}]},{\"@type\":\"WebSite\",\"@id\":\"https:\/\/physiostepbystep.ca\/#website\",\"url\":\"https:\/\/physiostepbystep.ca\/\",\"name\":\"Physiotherapy Step by Step\",\"description\":\"Evaluate. Rehabilitate. Educate\",\"publisher\":{\"@id\":\"https:\/\/physiostepbystep.ca\/#organization\"},\"potentialAction\":[{\"@type\":\"SearchAction\",\"target\":{\"@type\":\"EntryPoint\",\"urlTemplate\":\"https:\/\/physiostepbystep.ca\/?s={search_term_string}\"},\"query-input\":{\"@type\":\"PropertyValueSpecification\",\"valueRequired\":true,\"valueName\":\"search_term_string\"}}],\"inLanguage\":\"fr-FR\"},{\"@type\":\"Organization\",\"@id\":\"https:\/\/physiostepbystep.ca\/#organization\",\"name\":\"Physioth\u00e9rapie Step by Step\",\"url\":\"https:\/\/physiostepbystep.ca\/\",\"logo\":{\"@type\":\"ImageObject\",\"inLanguage\":\"fr-FR\",\"@id\":\"https:\/\/physiostepbystep.ca\/#\/schema\/logo\/image\/\",\"url\":\"https:\/\/physiostepbystep.ca\/wp-content\/uploads\/2019\/11\/logo.png\",\"contentUrl\":\"https:\/\/physiostepbystep.ca\/wp-content\/uploads\/2019\/11\/logo.png\",\"width\":500,\"height\":169,\"caption\":\"Physioth\u00e9rapie Step by Step\"},\"image\":{\"@id\":\"https:\/\/physiostepbystep.ca\/#\/schema\/logo\/image\/\"},\"sameAs\":[\"https:\/\/www.facebook.com\/Physio-Step-by-Step-101295061462969\"]}]}<\/script>\n<!-- \/ Yoast SEO plugin. -->","yoast_head_json":{"title":"Di\u00e9t\u00e9tiste et nutritionniste pour enfants - Physiotherapy Step by Step","description":"Intol\u00e9rance aux prot\u00e9ines du lait de vache chez les nourrissons, Les meilleures pratiques d\u2019introduction d\u2019aliments solides, Comment naviguer dans l\u2019alimentation s\u00e9lective chez les b\u00e9b\u00e9s et les tout-petits, Directives g\u00e9n\u00e9rales en mati\u00e8re d\u2019alimentation saine","robots":{"index":"index","follow":"follow","max-snippet":"max-snippet:-1","max-image-preview":"max-image-preview:large","max-video-preview":"max-video-preview:-1"},"canonical":"https:\/\/physiostepbystep.ca\/fr\/services\/dietetiste-et-nutritionniste-pour-enfants\/","og_locale":"fr_FR","og_type":"article","og_title":"Physiotherapy Step by Step","og_description":"Occupational therapy (OT) is a branch of health care that helps people of all ages who have physical, sensory, or cognitive problems. OT can help them regain independence in all areas of their lives.","og_url":"https:\/\/physiostepbystep.ca\/fr\/services\/dietetiste-et-nutritionniste-pour-enfants\/","og_site_name":"Physiotherapy Step by Step","article_publisher":"https:\/\/www.facebook.com\/Physio-Step-by-Step-101295061462969","article_modified_time":"2024-09-12T13:39:49+00:00","og_image":[{"width":1200,"height":692,"url":"https:\/\/physiostepbystep.ca\/wp-content\/uploads\/2020\/03\/facebook-thumbnail.jpg","type":"image\/jpeg"}],"twitter_card":"summary_large_image","twitter_title":"Physiotherapy Step by Step","twitter_description":"Occupational therapy (OT) is a branch of health care that helps people of all ages who have physical, sensory, or cognitive problems. OT can help them regain independence in all areas of their lives.","twitter_image":"https:\/\/physiostepbystep.ca\/wp-content\/uploads\/2020\/03\/facebook-thumbnail.jpg","twitter_misc":{"Dur\u00e9e de lecture estim\u00e9e":"1 minute"},"schema":{"@context":"https:\/\/schema.org","@graph":[{"@type":"WebPage","@id":"https:\/\/physiostepbystep.ca\/fr\/services\/dietetiste-et-nutritionniste-pour-enfants\/","url":"https:\/\/physiostepbystep.ca\/fr\/services\/dietetiste-et-nutritionniste-pour-enfants\/","name":"Di\u00e9t\u00e9tiste et nutritionniste pour enfants - Physiotherapy Step by Step","isPartOf":{"@id":"https:\/\/physiostepbystep.ca\/#website"},"datePublished":"2024-09-12T13:35:24+00:00","dateModified":"2024-09-12T13:39:49+00:00","description":"Intol\u00e9rance aux prot\u00e9ines du lait de vache chez les nourrissons, Les meilleures pratiques d\u2019introduction d\u2019aliments solides, Comment naviguer dans l\u2019alimentation s\u00e9lective chez les b\u00e9b\u00e9s et les tout-petits, Directives g\u00e9n\u00e9rales en mati\u00e8re d\u2019alimentation saine","breadcrumb":{"@id":"https:\/\/physiostepbystep.ca\/fr\/services\/dietetiste-et-nutritionniste-pour-enfants\/#breadcrumb"},"inLanguage":"fr-FR","potentialAction":[{"@type":"ReadAction","target":["https:\/\/physiostepbystep.ca\/fr\/services\/dietetiste-et-nutritionniste-pour-enfants\/"]}]},{"@type":"BreadcrumbList","@id":"https:\/\/physiostepbystep.ca\/fr\/services\/dietetiste-et-nutritionniste-pour-enfants\/#breadcrumb","itemListElement":[{"@type":"ListItem","position":1,"name":"Home","item":"https:\/\/physiostepbystep.ca\/fr\/"},{"@type":"ListItem","position":2,"name":"Services","item":"https:\/\/physiostepbystep.ca\/fr\/services\/"},{"@type":"ListItem","position":3,"name":"Di\u00e9t\u00e9tiste et nutritionniste pour enfants"}]},{"@type":"WebSite","@id":"https:\/\/physiostepbystep.ca\/#website","url":"https:\/\/physiostepbystep.ca\/","name":"Physiotherapy Step by Step","description":"Evaluate. Rehabilitate. Educate","publisher":{"@id":"https:\/\/physiostepbystep.ca\/#organization"},"potentialAction":[{"@type":"SearchAction","target":{"@type":"EntryPoint","urlTemplate":"https:\/\/physiostepbystep.ca\/?s={search_term_string}"},"query-input":{"@type":"PropertyValueSpecification","valueRequired":true,"valueName":"search_term_string"}}],"inLanguage":"fr-FR"},{"@type":"Organization","@id":"https:\/\/physiostepbystep.ca\/#organization","name":"Physioth\u00e9rapie Step by Step","url":"https:\/\/physiostepbystep.ca\/","logo":{"@type":"ImageObject","inLanguage":"fr-FR","@id":"https:\/\/physiostepbystep.ca\/#\/schema\/logo\/image\/","url":"https:\/\/physiostepbystep.ca\/wp-content\/uploads\/2019\/11\/logo.png","contentUrl":"https:\/\/physiostepbystep.ca\/wp-content\/uploads\/2019\/11\/logo.png","width":500,"height":169,"caption":"Physioth\u00e9rapie Step by Step"},"image":{"@id":"https:\/\/physiostepbystep.ca\/#\/schema\/logo\/image\/"},"sameAs":["https:\/\/www.facebook.com\/Physio-Step-by-Step-101295061462969"]}]}},"_links":{"self":[{"href":"https:\/\/physiostepbystep.ca\/fr\/wp-json\/wp\/v2\/pages\/649","targetHints":{"allow":["GET"]}}],"collection":[{"href":"https:\/\/physiostepbystep.ca\/fr\/wp-json\/wp\/v2\/pages"}],"about":[{"href":"https:\/\/physiostepbystep.ca\/fr\/wp-json\/wp\/v2\/types\/page"}],"author":[{"embeddable":true,"href":"https:\/\/physiostepbystep.ca\/fr\/wp-json\/wp\/v2\/users\/1"}],"replies":[{"embeddable":true,"href":"https:\/\/physiostepbystep.ca\/fr\/wp-json\/wp\/v2\/comments?post=649"}],"version-history":[{"count":7,"href":"https:\/\/physiostepbystep.ca\/fr\/wp-json\/wp\/v2\/pages\/649\/revisions"}],"predecessor-version":[{"id":662,"href":"https:\/\/physiostepbystep.ca\/fr\/wp-json\/wp\/v2\/pages\/649\/revisions\/662"}],"up":[{"embeddable":true,"href":"https:\/\/physiostepbystep.ca\/fr\/wp-json\/wp\/v2\/pages\/380"}],"wp:attachment":[{"href":"https:\/\/physiostepbystep.ca\/fr\/wp-json\/wp\/v2\/media?parent=649"}],"curies":[{"name":"wp","href":"https:\/\/api.w.org\/{rel}","templated":true}]}}