{"id":624,"date":"2024-09-12T09:31:50","date_gmt":"2024-09-12T13:31:50","guid":{"rendered":"https:\/\/physiostepbystep.ca\/?page_id=624"},"modified":"2024-09-12T09:36:54","modified_gmt":"2024-09-12T13:36:54","slug":"specialiste-du-comportement-de-lenfant","status":"publish","type":"page","link":"https:\/\/physiostepbystep.ca\/fr\/services\/specialiste-du-comportement-de-lenfant\/","title":{"rendered":"Sp\u00e9cialiste du comportement de l\u2019enfant"},"content":{"rendered":"\t\t<div data-elementor-type=\"wp-post\" data-elementor-id=\"624\" class=\"elementor elementor-624\">\n\t\t\t\t\t\t<section class=\"elementor-section elementor-top-section elementor-element elementor-element-593dded elementor-section-height-min-height elementor-section-boxed elementor-section-height-default elementor-section-items-middle\" data-id=\"593dded\" data-element_type=\"section\" data-settings=\"{&quot;jet_parallax_layout_list&quot;:[{&quot;jet_parallax_layout_image&quot;:{&quot;url&quot;:&quot;&quot;,&quot;id&quot;:&quot;&quot;,&quot;size&quot;:&quot;&quot;},&quot;_id&quot;:&quot;553bac8&quot;,&quot;jet_parallax_layout_speed&quot;:{&quot;unit&quot;:&quot;%&quot;,&quot;size&quot;:50,&quot;sizes&quot;:[]},&quot;jet_parallax_layout_image_tablet&quot;:{&quot;url&quot;:&quot;&quot;,&quot;id&quot;:&quot;&quot;,&quot;size&quot;:&quot;&quot;},&quot;jet_parallax_layout_image_mobile&quot;:{&quot;url&quot;:&quot;&quot;,&quot;id&quot;:&quot;&quot;,&quot;size&quot;:&quot;&quot;},&quot;jet_parallax_layout_type&quot;:&quot;scroll&quot;,&quot;jet_parallax_layout_direction&quot;:null,&quot;jet_parallax_layout_fx_direction&quot;:null,&quot;jet_parallax_layout_z_index&quot;:&quot;&quot;,&quot;jet_parallax_layout_bg_x&quot;:50,&quot;jet_parallax_layout_bg_x_tablet&quot;:&quot;&quot;,&quot;jet_parallax_layout_bg_x_mobile&quot;:&quot;&quot;,&quot;jet_parallax_layout_bg_y&quot;:50,&quot;jet_parallax_layout_bg_y_tablet&quot;:&quot;&quot;,&quot;jet_parallax_layout_bg_y_mobile&quot;:&quot;&quot;,&quot;jet_parallax_layout_bg_size&quot;:&quot;auto&quot;,&quot;jet_parallax_layout_bg_size_tablet&quot;:&quot;&quot;,&quot;jet_parallax_layout_bg_size_mobile&quot;:&quot;&quot;,&quot;jet_parallax_layout_animation_prop&quot;:&quot;transform&quot;,&quot;jet_parallax_layout_on&quot;:[&quot;desktop&quot;,&quot;tablet&quot;]}],&quot;background_background&quot;:&quot;classic&quot;,&quot;shape_divider_bottom&quot;:&quot;zigzag&quot;}\">\n\t\t\t\t\t<div class=\"elementor-shape elementor-shape-bottom\" data-negative=\"false\">\n\t\t\t<svg xmlns=\"http:\/\/www.w3.org\/2000\/svg\" viewBox=\"0 0 1800 5.8\" preserveAspectRatio=\"none\">\n  <path class=\"elementor-shape-fill\" d=\"M5.4.4l5.4 5.3L16.5.4l5.4 5.3L27.5.4 33 5.7 38.6.4l5.5 5.4h.1L49.9.4l5.4 5.3L60.9.4l5.5 5.3L72 .4l5.5 5.3L83.1.4l5.4 5.3L94.1.4l5.5 5.4h.2l5.6-5.4 5.5 5.3 5.6-5.3 5.4 5.3 5.6-5.3 5.5 5.3 5.6-5.3 5.5 5.4h.2l5.6-5.4 5.4 5.3L161 .4l5.4 5.3L172 .4l5.5 5.3 5.6-5.3 5.4 5.3 5.7-5.3 5.4 5.4h.2l5.6-5.4 5.5 5.3 5.6-5.3 5.5 5.3 5.6-5.3 5.4 5.3 5.6-5.3 5.5 5.4h.2l5.6-5.4 5.5 5.3L261 .4l5.4 5.3L272 .4l5.5 5.3 5.6-5.3 5.5 5.3 5.6-5.3 5.5 5.4h.1l5.7-5.4 5.4 5.3 5.6-5.3 5.5 5.3 5.6-5.3 5.4 5.3 5.7-5.3 5.4 5.4h.2l5.6-5.4 5.5 5.3L361 .4l5.5 5.3 5.6-5.3 5.4 5.3 5.6-5.3 5.5 5.3 5.6-5.3 5.5 5.4h.1l5.7-5.4 5.4 5.3 5.6-5.3 5.5 5.3 5.6-5.3 5.5 5.3 5.6-5.3 5.5 5.4h.1l5.6-5.4 5.5 5.3L461 .4l5.5 5.3 5.6-5.3 5.4 5.3 5.7-5.3 5.4 5.3 5.6-5.3 5.5 5.4h.2l5.6-5.4 5.5 5.3 5.6-5.3 5.4 5.3 5.6-5.3 5.5 5.3 5.6-5.3 5.5 5.4h.1L550 .4l5.4 5.3L561 .4l5.5 5.3 5.6-5.3 5.5 5.3 5.6-5.3 5.4 5.3 5.6-5.3 5.5 5.4h.2l5.6-5.4 5.5 5.3 5.6-5.3 5.4 5.3 5.7-5.3 5.4 5.3 5.6-5.3 5.5 5.4h.2L650 .4l5.5 5.3 5.6-5.3 5.4 5.3 5.6-5.3 5.5 5.3 5.6-5.3 5.5 5.3 5.6-5.3 5.4 5.4h.2l5.6-5.4 5.5 5.3 5.6-5.3 5.5 5.3 5.6-5.3 5.4 5.3 5.6-5.3 5.5 5.4h.2L750 .4l5.5 5.3 5.6-5.3 5.4 5.3 5.7-5.3 5.4 5.3 5.6-5.3 5.5 5.3 5.6-5.3 5.5 5.4h.1l5.7-5.4 5.4 5.3 5.6-5.3 5.5 5.3 5.6-5.3 5.5 5.3 5.6-5.3 5.4 5.4h.2L850 .4l5.5 5.3 5.6-5.3 5.5 5.3 5.6-5.3 5.4 5.3 5.6-5.3 5.5 5.3 5.6-5.3 5.5 5.4h.2l5.6-5.4 5.4 5.3 5.7-5.3 5.4 5.3 5.6-5.3 5.5 5.3 5.6-5.3 5.5 5.4h.1l5.7-5.4 5.4 5.3 5.6-5.3 5.5 5.3 5.6-5.3 5.5 5.3 5.6-5.3 5.4 5.3 5.6-5.3 5.5 5.4h.2l5.6-5.4 5.5 5.3 5.6-5.3 5.4 5.3 5.6-5.3 5.5 5.3 5.6-5.3 5.5 5.4h.2l5.6-5.4 5.4 5.3 5.7-5.3 5.4 5.3 5.6-5.3 5.5 5.3 5.6-5.3 5.5 5.3 5.6-5.3 5.4 5.4h.2l5.6-5.4 5.5 5.3 5.6-5.3 5.5 5.3 5.6-5.3 5.4 5.3 5.6-5.3 5.5 5.4h.2l5.6-5.4 5.5 5.3 5.6-5.3 5.4 5.3 5.6-5.3 5.5 5.3 5.6-5.3 5.5 5.3 5.6-5.3 5.5 5.4h.1l5.7-5.4 5.4 5.3 5.6-5.3 5.5 5.3 5.6-5.3 5.5 5.3 5.6-5.3 5.4 5.4h.2l5.6-5.4 5.5 5.3 5.6-5.3 5.5 5.3 5.6-5.3 5.4 5.3 5.6-5.3 5.5 5.3 5.6-5.3 5.5 5.4h.2l5.6-5.4 5.4 5.3 5.6-5.3 5.5 5.3 5.6-5.3 5.5 5.3 5.6-5.3 5.5 5.4h.1l5.7-5.4 5.4 5.3 5.6-5.3 5.5 5.3 5.6-5.3 5.5 5.3 5.6-5.3 5.4 5.3 5.6-5.3 5.5 5.4h.2l5.6-5.4 5.5 5.3 5.6-5.3 5.4 5.3 5.6-5.3 5.5 5.3 5.6-5.3 5.5 5.4h.2l5.6-5.4 5.4 5.3 5.6-5.3 5.5 5.3 5.6-5.3 5.5 5.3 5.6-5.3 5.4 5.3 5.7-5.3 5.4 5.4h.2l5.6-5.4 5.5 5.3 5.6-5.3 5.5 5.3 5.6-5.3 5.4 5.3 5.6-5.3 5.5 5.4h.2l5.6-5.4 5.5 5.3 5.6-5.3 5.4 5.3 5.6-5.3 5.5 5.3 5.6-5.3 5.5 5.3 5.6-5.3 5.5 5.4h.1l5.6-5.4 5.5 5.3 5.6-5.3 5.5 5.3 5.6-5.3 5.4 5.3 5.7-5.3 5.4 5.4h.2l5.6-5.4 5.5 5.3 5.6-5.3 5.5 5.3 5.6-5.3 5.4 5.3 5.6-5.3 5.5 5.3 5.6-5.3 5.5 5.4h.1l5.7-5.4 5.4 5.3 5.6-5.3 5.5 5.3 5.6-5.3 5.5 5.3 5.6-5.3 5.5 5.4h.1l5.6-5.4 5.5 5.3 5.6-5.3 5.5 5.3 5.6-5.3 5.4 5.3 5.7-5.3 5.4 5.3 5.6-5.3 5.5 5.4V0H-.2v5.8z\"\/>\n<\/svg>\n\t\t<\/div>\n\t\t\t\t\t<div class=\"elementor-container elementor-column-gap-default\">\n\t\t\t\t\t<div class=\"elementor-column elementor-col-100 elementor-top-column elementor-element elementor-element-651a9d8\" data-id=\"651a9d8\" data-element_type=\"column\">\n\t\t\t<div class=\"elementor-widget-wrap elementor-element-populated\">\n\t\t\t\t\t\t<div class=\"elementor-element elementor-element-9f59b34 elementor-widget elementor-widget-spacer\" data-id=\"9f59b34\" data-element_type=\"widget\" data-widget_type=\"spacer.default\">\n\t\t\t\t<div class=\"elementor-widget-container\">\n\t\t\t\t\t\t\t<div class=\"elementor-spacer\">\n\t\t\t<div class=\"elementor-spacer-inner\"><\/div>\n\t\t<\/div>\n\t\t\t\t\t\t<\/div>\n\t\t\t\t<\/div>\n\t\t\t\t\t<\/div>\n\t\t<\/div>\n\t\t\t\t\t<\/div>\n\t\t<\/section>\n\t\t\t\t<section class=\"elementor-section elementor-top-section elementor-element elementor-element-b1217fd elementor-section-boxed elementor-section-height-default elementor-section-height-default\" data-id=\"b1217fd\" data-element_type=\"section\" id=\"learn-more\" data-settings=\"{&quot;jet_parallax_layout_list&quot;:[{&quot;jet_parallax_layout_image&quot;:{&quot;url&quot;:&quot;&quot;,&quot;id&quot;:&quot;&quot;,&quot;size&quot;:&quot;&quot;},&quot;_id&quot;:&quot;4cad20e&quot;,&quot;jet_parallax_layout_speed&quot;:{&quot;unit&quot;:&quot;%&quot;,&quot;size&quot;:50,&quot;sizes&quot;:[]},&quot;jet_parallax_layout_image_tablet&quot;:{&quot;url&quot;:&quot;&quot;,&quot;id&quot;:&quot;&quot;,&quot;size&quot;:&quot;&quot;},&quot;jet_parallax_layout_image_mobile&quot;:{&quot;url&quot;:&quot;&quot;,&quot;id&quot;:&quot;&quot;,&quot;size&quot;:&quot;&quot;},&quot;jet_parallax_layout_type&quot;:&quot;scroll&quot;,&quot;jet_parallax_layout_direction&quot;:null,&quot;jet_parallax_layout_fx_direction&quot;:null,&quot;jet_parallax_layout_z_index&quot;:&quot;&quot;,&quot;jet_parallax_layout_bg_x&quot;:50,&quot;jet_parallax_layout_bg_x_tablet&quot;:&quot;&quot;,&quot;jet_parallax_layout_bg_x_mobile&quot;:&quot;&quot;,&quot;jet_parallax_layout_bg_y&quot;:50,&quot;jet_parallax_layout_bg_y_tablet&quot;:&quot;&quot;,&quot;jet_parallax_layout_bg_y_mobile&quot;:&quot;&quot;,&quot;jet_parallax_layout_bg_size&quot;:&quot;auto&quot;,&quot;jet_parallax_layout_bg_size_tablet&quot;:&quot;&quot;,&quot;jet_parallax_layout_bg_size_mobile&quot;:&quot;&quot;,&quot;jet_parallax_layout_animation_prop&quot;:&quot;transform&quot;,&quot;jet_parallax_layout_on&quot;:[&quot;desktop&quot;,&quot;tablet&quot;]}]}\">\n\t\t\t\t\t\t<div class=\"elementor-container elementor-column-gap-default\">\n\t\t\t\t\t<div class=\"elementor-column elementor-col-100 elementor-top-column elementor-element elementor-element-fea7e96\" data-id=\"fea7e96\" data-element_type=\"column\">\n\t\t\t<div class=\"elementor-widget-wrap elementor-element-populated\">\n\t\t\t\t\t\t<div class=\"elementor-element elementor-element-6f4bc9e elementor-widget elementor-widget-spacer\" data-id=\"6f4bc9e\" data-element_type=\"widget\" data-widget_type=\"spacer.default\">\n\t\t\t\t<div class=\"elementor-widget-container\">\n\t\t\t\t\t\t\t<div class=\"elementor-spacer\">\n\t\t\t<div class=\"elementor-spacer-inner\"><\/div>\n\t\t<\/div>\n\t\t\t\t\t\t<\/div>\n\t\t\t\t<\/div>\n\t\t\t\t<div class=\"elementor-element elementor-element-bbf11e7 elementor-widget elementor-widget-heading\" data-id=\"bbf11e7\" data-element_type=\"widget\" data-widget_type=\"heading.default\">\n\t\t\t\t<div class=\"elementor-widget-container\">\n\t\t\t\t\t<h2 class=\"elementor-heading-title elementor-size-default\">Sp\u00e9cialiste du comportement de l\u2019enfant<\/h2>\t\t\t\t<\/div>\n\t\t\t\t<\/div>\n\t\t\t\t<div class=\"elementor-element elementor-element-e6510cf elementor-widget-divider--view-line elementor-widget elementor-widget-divider\" data-id=\"e6510cf\" data-element_type=\"widget\" data-widget_type=\"divider.default\">\n\t\t\t\t<div class=\"elementor-widget-container\">\n\t\t\t\t\t\t\t<div class=\"elementor-divider\">\n\t\t\t<span class=\"elementor-divider-separator\">\n\t\t\t\t\t\t<\/span>\n\t\t<\/div>\n\t\t\t\t\t\t<\/div>\n\t\t\t\t<\/div>\n\t\t\t\t<div class=\"elementor-element elementor-element-e466681 elementor-widget elementor-widget-text-editor\" data-id=\"e466681\" data-element_type=\"widget\" data-widget_type=\"text-editor.default\">\n\t\t\t\t<div class=\"elementor-widget-container\">\n\t\t\t\t\t\t\t\t\t<ul><li>R\u00e9gulation \u00e9motionnelle<\/li><li>Pr\u00e9paration du pot<\/li><li>Anxi\u00e9t\u00e9 de s\u00e9paration<\/li><li>Routines et transitions<\/li><li>Luttes de pouvoir<\/li><li>Mangeurs s\u00e9lectifs<\/li><li>Geignement<\/li><li>Frapper, mordre, lancer<\/li><li>Rivalit\u00e9 entre fr\u00e8res et s\u0153urs<\/li><li>Comment dire \u00ab non \u00bb sans dire \u00ab non \u00bb<\/li><li>\u00c9tablir des r\u00e8gles et maintenir des limites<\/li><\/ul>\t\t\t\t\t\t\t\t<\/div>\n\t\t\t\t<\/div>\n\t\t\t\t\t<\/div>\n\t\t<\/div>\n\t\t\t\t\t<\/div>\n\t\t<\/section>\n\t\t\t\t<section class=\"elementor-section elementor-top-section elementor-element elementor-element-aac47ab elementor-section-boxed elementor-section-height-default elementor-section-height-default\" data-id=\"aac47ab\" data-element_type=\"section\" data-settings=\"{&quot;jet_parallax_layout_list&quot;:[{&quot;jet_parallax_layout_image&quot;:{&quot;url&quot;:&quot;&quot;,&quot;id&quot;:&quot;&quot;,&quot;size&quot;:&quot;&quot;},&quot;_id&quot;:&quot;6e4463c&quot;,&quot;jet_parallax_layout_image_tablet&quot;:{&quot;url&quot;:&quot;&quot;,&quot;id&quot;:&quot;&quot;,&quot;size&quot;:&quot;&quot;},&quot;jet_parallax_layout_image_mobile&quot;:{&quot;url&quot;:&quot;&quot;,&quot;id&quot;:&quot;&quot;,&quot;size&quot;:&quot;&quot;},&quot;jet_parallax_layout_speed&quot;:{&quot;unit&quot;:&quot;%&quot;,&quot;size&quot;:50,&quot;sizes&quot;:[]},&quot;jet_parallax_layout_type&quot;:&quot;scroll&quot;,&quot;jet_parallax_layout_direction&quot;:null,&quot;jet_parallax_layout_fx_direction&quot;:null,&quot;jet_parallax_layout_z_index&quot;:&quot;&quot;,&quot;jet_parallax_layout_bg_x&quot;:50,&quot;jet_parallax_layout_bg_x_tablet&quot;:&quot;&quot;,&quot;jet_parallax_layout_bg_x_mobile&quot;:&quot;&quot;,&quot;jet_parallax_layout_bg_y&quot;:50,&quot;jet_parallax_layout_bg_y_tablet&quot;:&quot;&quot;,&quot;jet_parallax_layout_bg_y_mobile&quot;:&quot;&quot;,&quot;jet_parallax_layout_bg_size&quot;:&quot;auto&quot;,&quot;jet_parallax_layout_bg_size_tablet&quot;:&quot;&quot;,&quot;jet_parallax_layout_bg_size_mobile&quot;:&quot;&quot;,&quot;jet_parallax_layout_animation_prop&quot;:&quot;transform&quot;,&quot;jet_parallax_layout_on&quot;:[&quot;desktop&quot;,&quot;tablet&quot;]}]}\">\n\t\t\t\t\t\t<div class=\"elementor-container elementor-column-gap-default\">\n\t\t\t\t\t<div class=\"elementor-column elementor-col-100 elementor-top-column elementor-element elementor-element-24b6908\" data-id=\"24b6908\" data-element_type=\"column\">\n\t\t\t<div class=\"elementor-widget-wrap elementor-element-populated\">\n\t\t\t\t\t\t<div class=\"elementor-element elementor-element-462f8f5 elementor-align-center elementor-widget elementor-widget-raven-button\" data-id=\"462f8f5\" data-element_type=\"widget\" data-settings=\"{&quot;turn_to_popup_action_button&quot;:&quot;no&quot;}\" data-widget_type=\"raven-button.default\">\n\t\t\t\t<div class=\"elementor-widget-container\">\n\t\t\t\t\t\t\t<div class=\"raven-widget-wrapper\">\n\t\t\t<a class=\"raven-button raven-button-widget-normal-effect-none  raven-button-text-align-center raven-button-link elementor-animation-none\" href=\"https:\/\/physiostepbystep.ca\/fr\/contact\/\">\t\t\t\t<div class=\"raven-button-overlay\" ><\/div>\n\t\t\t\t<span class=\"raven-button-content\">\n\t\t\t\t\t\n\t\t\t\t\t<div class=\"button-text-container\">\n\t\t\t\t\t\t\t\t\t\t\t\t<div class=\"raven-button-texts-wrapper\">\n\t\t\t\t\t\t\t<div class=\"button-text\">\n\t\t\t\t\t\t\t\t<span class=\"raven-button-text\">\n\t\t\t\t\t\t\t\t\tReservez Maintenant\t\t\t\t\t\t\t\t<\/span>\n\t\t\t\t\t\t\t<\/div>\n\t\t\t\t\t\t\t\t\t\t\t\t\t<\/div>\n\t\t\t\t\t\t\t\t\t\t\t<\/div>\n\t\t\t\t\t\n\t\t\t\t\t\t\t\t\t<\/span>\n\t\t\t<\/a>\t\t<\/div>\n\t\t\t\t\t\t<\/div>\n\t\t\t\t<\/div>\n\t\t\t\t<div class=\"elementor-element elementor-element-2b0956f elementor-widget elementor-widget-spacer\" data-id=\"2b0956f\" data-element_type=\"widget\" data-widget_type=\"spacer.default\">\n\t\t\t\t<div class=\"elementor-widget-container\">\n\t\t\t\t\t\t\t<div class=\"elementor-spacer\">\n\t\t\t<div class=\"elementor-spacer-inner\"><\/div>\n\t\t<\/div>\n\t\t\t\t\t\t<\/div>\n\t\t\t\t<\/div>\n\t\t\t\t\t<\/div>\n\t\t<\/div>\n\t\t\t\t\t<\/div>\n\t\t<\/section>\n\t\t\t\t<\/div>\n\t\t","protected":false},"excerpt":{"rendered":"<p>R\u00e9gulation \u00e9motionnelle Pr\u00e9paration du pot Anxi\u00e9t\u00e9 de s\u00e9paration Routines et transitions Luttes de pouvoir Mangeurs s\u00e9lectifs Geignement Frapper, mordre, lancer Rivalit\u00e9 entre fr\u00e8res et s\u0153urs Comment dire \u00ab non \u00bb sans dire \u00ab non \u00bb \u00c9tablir des r\u00e8gles et maintenir des limites Reservez Maintenant<\/p>\n","protected":false},"author":1,"featured_media":0,"parent":380,"menu_order":0,"comment_status":"closed","ping_status":"closed","template":"elementor_header_footer","meta":{"_acf_changed":false,"footnotes":""},"class_list":["post-624","page","type-page","status-publish","hentry"],"acf":[],"yoast_head":"<!-- This site is optimized with the Yoast SEO plugin v24.8.1 - https:\/\/yoast.com\/wordpress\/plugins\/seo\/ -->\n<title>Sp\u00e9cialiste du comportement de l\u2019enfant - Physiotherapy Step by Step<\/title>\n<meta name=\"description\" content=\"R\u00e9gulation \u00e9motionnelle, Pr\u00e9paration du pot, Anxi\u00e9t\u00e9 de s\u00e9paration, Routines et transitions, Luttes de pouvoir\" \/>\n<meta name=\"robots\" content=\"index, follow, max-snippet:-1, max-image-preview:large, max-video-preview:-1\" \/>\n<link rel=\"canonical\" href=\"https:\/\/physiostepbystep.ca\/fr\/services\/specialiste-du-comportement-de-lenfant\/\" \/>\n<meta property=\"og:locale\" content=\"fr_FR\" \/>\n<meta property=\"og:type\" content=\"article\" \/>\n<meta property=\"og:title\" content=\"Physiotherapy Step by Step\" \/>\n<meta property=\"og:description\" content=\"L&#039;ergoth\u00e9rapie est une branche des soins de sant\u00e9 qui aide les personnes de tous \u00e2ges ayant des probl\u00e8mes physiques, sensoriels ou cognitifs. L&#039;ergoth\u00e9rapie peut les aider \u00e0 retrouver leur ind\u00e9pendance dans tous les domaines de leur vie.\" \/>\n<meta property=\"og:url\" content=\"https:\/\/physiostepbystep.ca\/fr\/services\/specialiste-du-comportement-de-lenfant\/\" \/>\n<meta property=\"og:site_name\" content=\"Physiotherapy Step by Step\" \/>\n<meta property=\"article:publisher\" content=\"https:\/\/www.facebook.com\/Physio-Step-by-Step-101295061462969\" \/>\n<meta property=\"article:modified_time\" content=\"2024-09-12T13:36:54+00:00\" \/>\n<meta property=\"og:image\" content=\"https:\/\/physiostepbystep.ca\/wp-content\/uploads\/2020\/03\/facebook-thumbnail.jpg\" \/>\n\t<meta property=\"og:image:width\" content=\"1200\" \/>\n\t<meta property=\"og:image:height\" content=\"692\" \/>\n\t<meta property=\"og:image:type\" content=\"image\/jpeg\" \/>\n<meta name=\"twitter:card\" content=\"summary_large_image\" \/>\n<meta name=\"twitter:title\" content=\"Physiotherapy Step by Step\" \/>\n<meta name=\"twitter:description\" content=\"L&#039;ergoth\u00e9rapie est une branche des soins de sant\u00e9 qui aide les personnes de tous \u00e2ges ayant des probl\u00e8mes physiques, sensoriels ou cognitifs. L&#039;ergoth\u00e9rapie peut les aider \u00e0 retrouver leur ind\u00e9pendance dans tous les domaines de leur vie.\" \/>\n<meta name=\"twitter:image\" content=\"https:\/\/physiostepbystep.ca\/wp-content\/uploads\/2020\/03\/facebook-thumbnail.jpg\" \/>\n<meta name=\"twitter:label1\" content=\"Dur\u00e9e de lecture estim\u00e9e\" \/>\n\t<meta name=\"twitter:data1\" content=\"1 minute\" \/>\n<script type=\"application\/ld+json\" class=\"yoast-schema-graph\">{\"@context\":\"https:\/\/schema.org\",\"@graph\":[{\"@type\":\"WebPage\",\"@id\":\"https:\/\/physiostepbystep.ca\/fr\/services\/specialiste-du-comportement-de-lenfant\/\",\"url\":\"https:\/\/physiostepbystep.ca\/fr\/services\/specialiste-du-comportement-de-lenfant\/\",\"name\":\"Sp\u00e9cialiste du comportement de l\u2019enfant - Physiotherapy Step by Step\",\"isPartOf\":{\"@id\":\"https:\/\/physiostepbystep.ca\/#website\"},\"datePublished\":\"2024-09-12T13:31:50+00:00\",\"dateModified\":\"2024-09-12T13:36:54+00:00\",\"description\":\"R\u00e9gulation \u00e9motionnelle, Pr\u00e9paration du pot, Anxi\u00e9t\u00e9 de s\u00e9paration, Routines et transitions, Luttes de pouvoir\",\"breadcrumb\":{\"@id\":\"https:\/\/physiostepbystep.ca\/fr\/services\/specialiste-du-comportement-de-lenfant\/#breadcrumb\"},\"inLanguage\":\"fr-FR\",\"potentialAction\":[{\"@type\":\"ReadAction\",\"target\":[\"https:\/\/physiostepbystep.ca\/fr\/services\/specialiste-du-comportement-de-lenfant\/\"]}]},{\"@type\":\"BreadcrumbList\",\"@id\":\"https:\/\/physiostepbystep.ca\/fr\/services\/specialiste-du-comportement-de-lenfant\/#breadcrumb\",\"itemListElement\":[{\"@type\":\"ListItem\",\"position\":1,\"name\":\"Home\",\"item\":\"https:\/\/physiostepbystep.ca\/fr\/\"},{\"@type\":\"ListItem\",\"position\":2,\"name\":\"Services\",\"item\":\"https:\/\/physiostepbystep.ca\/fr\/services\/\"},{\"@type\":\"ListItem\",\"position\":3,\"name\":\"Sp\u00e9cialiste du comportement de l\u2019enfant\"}]},{\"@type\":\"WebSite\",\"@id\":\"https:\/\/physiostepbystep.ca\/#website\",\"url\":\"https:\/\/physiostepbystep.ca\/\",\"name\":\"Physiotherapy Step by Step\",\"description\":\"Evaluate. Rehabilitate. Educate\",\"publisher\":{\"@id\":\"https:\/\/physiostepbystep.ca\/#organization\"},\"potentialAction\":[{\"@type\":\"SearchAction\",\"target\":{\"@type\":\"EntryPoint\",\"urlTemplate\":\"https:\/\/physiostepbystep.ca\/?s={search_term_string}\"},\"query-input\":{\"@type\":\"PropertyValueSpecification\",\"valueRequired\":true,\"valueName\":\"search_term_string\"}}],\"inLanguage\":\"fr-FR\"},{\"@type\":\"Organization\",\"@id\":\"https:\/\/physiostepbystep.ca\/#organization\",\"name\":\"Physioth\u00e9rapie Step by Step\",\"url\":\"https:\/\/physiostepbystep.ca\/\",\"logo\":{\"@type\":\"ImageObject\",\"inLanguage\":\"fr-FR\",\"@id\":\"https:\/\/physiostepbystep.ca\/#\/schema\/logo\/image\/\",\"url\":\"https:\/\/physiostepbystep.ca\/wp-content\/uploads\/2019\/11\/logo.png\",\"contentUrl\":\"https:\/\/physiostepbystep.ca\/wp-content\/uploads\/2019\/11\/logo.png\",\"width\":500,\"height\":169,\"caption\":\"Physioth\u00e9rapie Step by Step\"},\"image\":{\"@id\":\"https:\/\/physiostepbystep.ca\/#\/schema\/logo\/image\/\"},\"sameAs\":[\"https:\/\/www.facebook.com\/Physio-Step-by-Step-101295061462969\"]}]}<\/script>\n<!-- \/ Yoast SEO plugin. -->","yoast_head_json":{"title":"Sp\u00e9cialiste du comportement de l\u2019enfant - Physiotherapy Step by Step","description":"R\u00e9gulation \u00e9motionnelle, Pr\u00e9paration du pot, Anxi\u00e9t\u00e9 de s\u00e9paration, Routines et transitions, Luttes de pouvoir","robots":{"index":"index","follow":"follow","max-snippet":"max-snippet:-1","max-image-preview":"max-image-preview:large","max-video-preview":"max-video-preview:-1"},"canonical":"https:\/\/physiostepbystep.ca\/fr\/services\/specialiste-du-comportement-de-lenfant\/","og_locale":"fr_FR","og_type":"article","og_title":"Physiotherapy Step by Step","og_description":"L'ergoth\u00e9rapie est une branche des soins de sant\u00e9 qui aide les personnes de tous \u00e2ges ayant des probl\u00e8mes physiques, sensoriels ou cognitifs. L'ergoth\u00e9rapie peut les aider \u00e0 retrouver leur ind\u00e9pendance dans tous les domaines de leur vie.","og_url":"https:\/\/physiostepbystep.ca\/fr\/services\/specialiste-du-comportement-de-lenfant\/","og_site_name":"Physiotherapy Step by Step","article_publisher":"https:\/\/www.facebook.com\/Physio-Step-by-Step-101295061462969","article_modified_time":"2024-09-12T13:36:54+00:00","og_image":[{"width":1200,"height":692,"url":"https:\/\/physiostepbystep.ca\/wp-content\/uploads\/2020\/03\/facebook-thumbnail.jpg","type":"image\/jpeg"}],"twitter_card":"summary_large_image","twitter_title":"Physiotherapy Step by Step","twitter_description":"L'ergoth\u00e9rapie est une branche des soins de sant\u00e9 qui aide les personnes de tous \u00e2ges ayant des probl\u00e8mes physiques, sensoriels ou cognitifs. L'ergoth\u00e9rapie peut les aider \u00e0 retrouver leur ind\u00e9pendance dans tous les domaines de leur vie.","twitter_image":"https:\/\/physiostepbystep.ca\/wp-content\/uploads\/2020\/03\/facebook-thumbnail.jpg","twitter_misc":{"Dur\u00e9e de lecture estim\u00e9e":"1 minute"},"schema":{"@context":"https:\/\/schema.org","@graph":[{"@type":"WebPage","@id":"https:\/\/physiostepbystep.ca\/fr\/services\/specialiste-du-comportement-de-lenfant\/","url":"https:\/\/physiostepbystep.ca\/fr\/services\/specialiste-du-comportement-de-lenfant\/","name":"Sp\u00e9cialiste du comportement de l\u2019enfant - Physiotherapy Step by Step","isPartOf":{"@id":"https:\/\/physiostepbystep.ca\/#website"},"datePublished":"2024-09-12T13:31:50+00:00","dateModified":"2024-09-12T13:36:54+00:00","description":"R\u00e9gulation \u00e9motionnelle, Pr\u00e9paration du pot, Anxi\u00e9t\u00e9 de s\u00e9paration, Routines et transitions, Luttes de pouvoir","breadcrumb":{"@id":"https:\/\/physiostepbystep.ca\/fr\/services\/specialiste-du-comportement-de-lenfant\/#breadcrumb"},"inLanguage":"fr-FR","potentialAction":[{"@type":"ReadAction","target":["https:\/\/physiostepbystep.ca\/fr\/services\/specialiste-du-comportement-de-lenfant\/"]}]},{"@type":"BreadcrumbList","@id":"https:\/\/physiostepbystep.ca\/fr\/services\/specialiste-du-comportement-de-lenfant\/#breadcrumb","itemListElement":[{"@type":"ListItem","position":1,"name":"Home","item":"https:\/\/physiostepbystep.ca\/fr\/"},{"@type":"ListItem","position":2,"name":"Services","item":"https:\/\/physiostepbystep.ca\/fr\/services\/"},{"@type":"ListItem","position":3,"name":"Sp\u00e9cialiste du comportement de l\u2019enfant"}]},{"@type":"WebSite","@id":"https:\/\/physiostepbystep.ca\/#website","url":"https:\/\/physiostepbystep.ca\/","name":"Physiotherapy Step by Step","description":"Evaluate. Rehabilitate. Educate","publisher":{"@id":"https:\/\/physiostepbystep.ca\/#organization"},"potentialAction":[{"@type":"SearchAction","target":{"@type":"EntryPoint","urlTemplate":"https:\/\/physiostepbystep.ca\/?s={search_term_string}"},"query-input":{"@type":"PropertyValueSpecification","valueRequired":true,"valueName":"search_term_string"}}],"inLanguage":"fr-FR"},{"@type":"Organization","@id":"https:\/\/physiostepbystep.ca\/#organization","name":"Physioth\u00e9rapie Step by Step","url":"https:\/\/physiostepbystep.ca\/","logo":{"@type":"ImageObject","inLanguage":"fr-FR","@id":"https:\/\/physiostepbystep.ca\/#\/schema\/logo\/image\/","url":"https:\/\/physiostepbystep.ca\/wp-content\/uploads\/2019\/11\/logo.png","contentUrl":"https:\/\/physiostepbystep.ca\/wp-content\/uploads\/2019\/11\/logo.png","width":500,"height":169,"caption":"Physioth\u00e9rapie Step by Step"},"image":{"@id":"https:\/\/physiostepbystep.ca\/#\/schema\/logo\/image\/"},"sameAs":["https:\/\/www.facebook.com\/Physio-Step-by-Step-101295061462969"]}]}},"_links":{"self":[{"href":"https:\/\/physiostepbystep.ca\/fr\/wp-json\/wp\/v2\/pages\/624","targetHints":{"allow":["GET"]}}],"collection":[{"href":"https:\/\/physiostepbystep.ca\/fr\/wp-json\/wp\/v2\/pages"}],"about":[{"href":"https:\/\/physiostepbystep.ca\/fr\/wp-json\/wp\/v2\/types\/page"}],"author":[{"embeddable":true,"href":"https:\/\/physiostepbystep.ca\/fr\/wp-json\/wp\/v2\/users\/1"}],"replies":[{"embeddable":true,"href":"https:\/\/physiostepbystep.ca\/fr\/wp-json\/wp\/v2\/comments?post=624"}],"version-history":[{"count":9,"href":"https:\/\/physiostepbystep.ca\/fr\/wp-json\/wp\/v2\/pages\/624\/revisions"}],"predecessor-version":[{"id":656,"href":"https:\/\/physiostepbystep.ca\/fr\/wp-json\/wp\/v2\/pages\/624\/revisions\/656"}],"up":[{"embeddable":true,"href":"https:\/\/physiostepbystep.ca\/fr\/wp-json\/wp\/v2\/pages\/380"}],"wp:attachment":[{"href":"https:\/\/physiostepbystep.ca\/fr\/wp-json\/wp\/v2\/media?parent=624"}],"curies":[{"name":"wp","href":"https:\/\/api.w.org\/{rel}","templated":true}]}}